{"id":140,"date":"2025-04-28T17:42:32","date_gmt":"2025-04-28T17:42:32","guid":{"rendered":"https:\/\/honeydew-hyena-350809.hostingersite.com\/?page_id=140"},"modified":"2025-05-08T14:49:21","modified_gmt":"2025-05-08T14:49:21","slug":"about-spg3a","status":"publish","type":"page","link":"https:\/\/kidswithspg3a.com\/de\/about-spg3a\/","title":{"rendered":"\u00dcber SPG3A"},"content":{"rendered":"<div style=\"height:100px\" aria-hidden=\"true\" class=\"wp-block-spacer\"><\/div>\n\n\n\n<h1 class=\"wp-block-heading\" id=\"was-ist-spastische-paraplegie-3a\">WAS IST SPASTISCHE PARAPLEGIE 3A?<\/h1>\n\n\n\n<p>SPG3A (auch bekannt als ATL1-HSP) ist die h\u00e4ufigste Form der autosomal dominanten HSP bei Kindern. Das durchschnittliche Eintrittsalter f\u00fcr SPG3A betr\u00e4gt 4 Jahre, und mehr als 80 % der F\u00e4lle zeigen vor dem 10. Lebensjahr Symptome.<br><br>SPG3A ist ein Subtyp einer Gruppe seltener neurologischer Erkrankungen, die als Heredit\u00e4re Spastische Paraplegie bezeichnet werden. Heredit\u00e4re spastische Paraplegien werden oft in zwei Typen unterteilt: rein und komplex. Die reinen Typen betreffen nur die unteren Gliedma\u00dfen, w\u00e4hrend die komplexen Typen auch andere Bereiche des K\u00f6rpers wie die oberen Gliedma\u00dfen und die oralen motorischen Muskeln betreffen und weitere Symptome wie Krampfanf\u00e4lle und Ver\u00e4nderungen der intellektuellen Funktionen aufweisen k\u00f6nnen.<br><br>Mutationen im ATL-1 (Atlastin-1) Gen verursachen SPG3A. Diese Mutationen f\u00fchren wahrscheinlich zu einer abnormalen Aktivit\u00e4t von Atlastin-1, was die Funktion von Neuronen beeintr\u00e4chtigt, einschlie\u00dflich der Verteilung von Materialien innerhalb dieser Zellen. Dieser Mangel an funktionalem Atlastin-1-Protein kann auch das Wachstum von Axonen einschr\u00e4nken. Innerhalb der langen Neuronen der kortikospinalen Bahnen k\u00f6nnen diese Probleme zum Zelltod f\u00fchren. Infolgedessen sind die Neuronen nicht in der Lage, Nervenimpulse zu \u00fcbertragen, insbesondere zu anderen Neuronen und Muskeln in den unteren Extremit\u00e4ten. Diese gest\u00f6rte Nervenfunktion f\u00fchrt zu den Anzeichen und Symptomen der spastischen Paraplegie Typ 3A.<br><br>Die meisten Personen mit SPG3A (>95 %) haben einen betroffenen Elternteil. Mit anderen Worten, sie erben die Genmutation von mindestens einem Elternteil. Bei einigen Personen tritt die Mutation \u201ede novo\u201c auf, d.h. das Gen mutiert zuf\u00e4llig w\u00e4hrend der embryonalen Entwicklung und wird nicht von einem Elternteil vererbt.<\/p>\n\n\n\n<p>Quelle: Nationales Institut f\u00fcr Gesundheit, Nationale Bibliothek f\u00fcr Medizin, MedlinePlus<\/p>\n\n\n\n<figure class=\"wp-block-image size-full\"><img loading=\"lazy\" decoding=\"async\" width=\"1784\" height=\"1081\" src=\"https:\/\/kidswithspg3a.com\/wp-content\/uploads\/2025\/04\/635b6516ec84c0032d42e584_Rectangle-50-min.png\" alt=\"\" class=\"wp-image-141\" title=\"\" srcset=\"https:\/\/kidswithspg3a.com\/wp-content\/uploads\/2025\/04\/635b6516ec84c0032d42e584_Rectangle-50-min.png 1784w, https:\/\/kidswithspg3a.com\/wp-content\/uploads\/2025\/04\/635b6516ec84c0032d42e584_Rectangle-50-min-300x182.png 300w, https:\/\/kidswithspg3a.com\/wp-content\/uploads\/2025\/04\/635b6516ec84c0032d42e584_Rectangle-50-min-1024x620.png 1024w, https:\/\/kidswithspg3a.com\/wp-content\/uploads\/2025\/04\/635b6516ec84c0032d42e584_Rectangle-50-min-768x465.png 768w, https:\/\/kidswithspg3a.com\/wp-content\/uploads\/2025\/04\/635b6516ec84c0032d42e584_Rectangle-50-min-1536x931.png 1536w\" sizes=\"auto, (max-width: 1784px) 100vw, 1784px\" \/><figcaption class=\"wp-element-caption\">Quelle: Heredit\u00e4re Spastische Paraplegie: Ein Update von Dr. Arun Meyyazhagan<\/figcaption><\/figure>","protected":false},"excerpt":{"rendered":"<p>WAS IST SPASTISCHE PARAPLEGIE 3A? SPG3A (auch bekannt als ATL1-HSP) ist die h\u00e4ufigste Form der autosomal dominanten HSP bei Kindern. Das durchschnittliche Eintrittsalter f\u00fcr SPG3A betr\u00e4gt 4 Jahre, und mehr als 80 % der F\u00e4lle zeigen vor dem 10. Lebensjahr Symptome. SPG3A ist ein Subtyp einer Gruppe seltener neurologischer Erkrankungen, die als Heredit\u00e4re Spastische Paraplegie [&hellip;]<\/p>\n","protected":false},"author":1,"featured_media":0,"parent":0,"menu_order":0,"comment_status":"closed","ping_status":"closed","template":"","meta":{"ghostkit_customizer_options":"","ghostkit_custom_css":"","ghostkit_custom_js_head":"","ghostkit_custom_js_foot":"","ghostkit_typography":"","footnotes":""},"class_list":["post-140","page","type-page","status-publish","hentry"],"blocksy_meta":{"background":{"background_type":"image","background_pattern":"type-1","background_image":{"attachment_id":142,"x":0,"y":0,"url":"https:\/\/kidswithspg3a.com\/wp-content\/uploads\/2025\/04\/635bd3421cfdc0509b3cd923_Artboard-min.png"},"gradient":"linear-gradient(135deg,rgba(6,147,227,1) 0%,rgb(155,81,224) 100%)","background_repeat":"repeat","background_size":"auto","background_attachment":"scroll","patternColor":{"default":{"color":"#e5e7ea"}},"overlayColor":{"default":{"color":"CT_CSS_SKIP_RULE"}},"backgroundColor":{"default":{"color":"#ffffff"}}},"styles_descriptor":{"styles":{"desktop":"[data-prefix=\"single_page\"] {background-position:0% 0%;background-color:#ffffff;background-image:url(https:\/\/kidswithspg3a.com\/wp-content\/uploads\/2025\/04\/635bd3421cfdc0509b3cd923_Artboard-min.png);}","tablet":"","mobile":""},"google_fonts":[],"version":6},"has_hero_section":"disabled"},"_links":{"self":[{"href":"https:\/\/kidswithspg3a.com\/de\/wp-json\/wp\/v2\/pages\/140","targetHints":{"allow":["GET"]}}],"collection":[{"href":"https:\/\/kidswithspg3a.com\/de\/wp-json\/wp\/v2\/pages"}],"about":[{"href":"https:\/\/kidswithspg3a.com\/de\/wp-json\/wp\/v2\/types\/page"}],"author":[{"embeddable":true,"href":"https:\/\/kidswithspg3a.com\/de\/wp-json\/wp\/v2\/users\/1"}],"replies":[{"embeddable":true,"href":"https:\/\/kidswithspg3a.com\/de\/wp-json\/wp\/v2\/comments?post=140"}],"version-history":[{"count":13,"href":"https:\/\/kidswithspg3a.com\/de\/wp-json\/wp\/v2\/pages\/140\/revisions"}],"predecessor-version":[{"id":194,"href":"https:\/\/kidswithspg3a.com\/de\/wp-json\/wp\/v2\/pages\/140\/revisions\/194"}],"wp:attachment":[{"href":"https:\/\/kidswithspg3a.com\/de\/wp-json\/wp\/v2\/media?parent=140"}],"curies":[{"name":"wp","href":"https:\/\/api.w.org\/{rel}","templated":true}]}}