{"id":6,"date":"2025-04-28T16:31:33","date_gmt":"2025-04-28T16:31:33","guid":{"rendered":"https:\/\/kidswithspg3a.com\/?page_id=6"},"modified":"2025-05-15T14:49:36","modified_gmt":"2025-05-15T14:49:36","slug":"homepage","status":"publish","type":"page","link":"https:\/\/kidswithspg3a.com\/de\/","title":{"rendered":"Homepage"},"content":{"rendered":"<div class=\"wp-block-cover alignfull has-parallax\" style=\"border-top-style:none;border-top-width:0px;border-right-style:none;border-right-width:0px;border-bottom-color:var(--wp--preset--color--palette-color-2);border-bottom-width:5px;border-left-style:none;border-left-width:0px;margin-top:0;margin-bottom:0;min-height:100vh;aspect-ratio:unset;\"><div class=\"wp-block-cover__image-background wp-image-27 size-large has-parallax\" style=\"background-position:50% 50%;background-image:url(https:\/\/kidswithspg3a.com\/wp-content\/uploads\/2025\/04\/635b651826c8978857d3dd25_Rectangle-72-min-1024x661.png)\"><\/div><span aria-hidden=\"true\" class=\"wp-block-cover__background has-background-dim-10 has-background-dim\" style=\"background-color:#5f80b6\"><\/span><div class=\"wp-block-cover__inner-container is-layout-constrained wp-block-cover-is-layout-constrained\">\n<div class=\"wp-block-columns is-layout-flex wp-container-core-columns-is-layout-28f84493 wp-block-columns-is-layout-flex\">\n<div class=\"wp-block-column is-layout-flow wp-block-column-is-layout-flow\"><\/div>\n\n\n\n<div class=\"wp-block-column has-palette-color-8-color has-text-color has-background has-link-color wp-elements-a186e99429c3ed4cf8c5987bcb88e123 is-layout-flow wp-block-column-is-layout-flow\" style=\"background-color:#302d30b8;padding-top:var(--wp--preset--spacing--60);padding-right:var(--wp--preset--spacing--60);padding-bottom:var(--wp--preset--spacing--60);padding-left:var(--wp--preset--spacing--60)\">\n<div class=\"wp-block-group is-content-justification-left is-layout-constrained wp-container-core-group-is-layout-12dd3699 wp-block-group-is-layout-constrained\">\n<figure class=\"wp-block-image size-full is-resized\"><img decoding=\"async\" src=\"https:\/\/kidswithspg3a.com\/wp-content\/uploads\/2025\/04\/kids-with-spg3a-white-text.svg\" alt=\"\" class=\"wp-image-31\" style=\"width:300px\" title=\"\"><\/figure>\n<\/div>\n\n\n\n<p>Unsere Mission ist es, Kinder mit SPG3A zu verbinden mit:<\/p>\n\n\n\n<ul class=\"wp-block-list is-style-icon ghostkit-custom-2sGPhk\">\n<li>einander, um Lebens-, Therapie- und Behandlungserfahrungen zu teilen<\/li>\n\n\n\n<li>Forschern, um ihre Bem\u00fchungen zur Heilung zu unterst\u00fctzen<\/li>\n<\/ul>\n\n\n\n<p>Egal wo Sie auf der Welt sind, <strong>bitte schlie\u00dfen Sie sich unserer <\/strong><strong>SPG3A<\/strong>-Gemeinschaft an, um die neuesten Forschungsergebnisse zu verfolgen.<br>\u200d<br>Wenn es um die Suche nach einer Heilung geht, liegt die St\u00e4rke in der Zahl!<\/p>\n\n\n\n<div class=\"wp-block-buttons is-layout-flex wp-block-buttons-is-layout-flex\">\n<div class=\"wp-block-button is-style-outline is-style-outline--2\"><a class=\"wp-block-button__link has-palette-color-8-color has-text-color has-link-color has-border-color has-palette-color-8-border-color wp-element-button\" href=\"https:\/\/kids-with-spg3a.mn.co\/\" target=\"_blank\" rel=\"noreferrer noopener\">Unserer Gemeinschaft beitreten<\/a><\/div>\n<\/div>\n<\/div>\n<\/div>\n<\/div><\/div>\n\n\n\n<div class=\"wp-block-columns alignfull is-layout-flex wp-container-core-columns-is-layout-f0342b05 wp-block-columns-is-layout-flex\" style=\"margin-top:0;margin-bottom:0\">\n<div class=\"wp-block-column is-layout-flow wp-block-column-is-layout-flow\">\n<figure class=\"wp-block-image size-large\"><img loading=\"lazy\" decoding=\"async\" width=\"1024\" height=\"987\" src=\"https:\/\/kidswithspg3a.com\/wp-content\/uploads\/2025\/04\/637f07ee5b9b5e8965ba5c63_2-1024x987.jpg\" alt=\"\" class=\"wp-image-22\" title=\"\" srcset=\"https:\/\/kidswithspg3a.com\/wp-content\/uploads\/2025\/04\/637f07ee5b9b5e8965ba5c63_2-1024x987.jpg 1024w, https:\/\/kidswithspg3a.com\/wp-content\/uploads\/2025\/04\/637f07ee5b9b5e8965ba5c63_2-300x289.jpg 300w, https:\/\/kidswithspg3a.com\/wp-content\/uploads\/2025\/04\/637f07ee5b9b5e8965ba5c63_2-768x740.jpg 768w, https:\/\/kidswithspg3a.com\/wp-content\/uploads\/2025\/04\/637f07ee5b9b5e8965ba5c63_2-1536x1480.jpg 1536w, https:\/\/kidswithspg3a.com\/wp-content\/uploads\/2025\/04\/637f07ee5b9b5e8965ba5c63_2-2048x1973.jpg 2048w\" sizes=\"auto, (max-width: 1024px) 100vw, 1024px\" \/><\/figure>\n<\/div>\n\n\n\n<div class=\"wp-block-column is-layout-flow wp-block-column-is-layout-flow\">\n<figure class=\"wp-block-image size-large\"><img loading=\"lazy\" decoding=\"async\" width=\"1024\" height=\"987\" src=\"https:\/\/kidswithspg3a.com\/wp-content\/uploads\/2025\/04\/637f062e4caf383bfc0d53b1_3-1024x987.jpg\" alt=\"\" class=\"wp-image-28\" title=\"\" srcset=\"https:\/\/kidswithspg3a.com\/wp-content\/uploads\/2025\/04\/637f062e4caf383bfc0d53b1_3-1024x987.jpg 1024w, https:\/\/kidswithspg3a.com\/wp-content\/uploads\/2025\/04\/637f062e4caf383bfc0d53b1_3-300x289.jpg 300w, https:\/\/kidswithspg3a.com\/wp-content\/uploads\/2025\/04\/637f062e4caf383bfc0d53b1_3-768x740.jpg 768w, https:\/\/kidswithspg3a.com\/wp-content\/uploads\/2025\/04\/637f062e4caf383bfc0d53b1_3-1536x1480.jpg 1536w, https:\/\/kidswithspg3a.com\/wp-content\/uploads\/2025\/04\/637f062e4caf383bfc0d53b1_3-2048x1973.jpg 2048w\" sizes=\"auto, (max-width: 1024px) 100vw, 1024px\" \/><\/figure>\n<\/div>\n<\/div>\n\n\n\n<div class=\"wp-block-columns is-layout-flex wp-container-core-columns-is-layout-55a13620 wp-block-columns-is-layout-flex\" style=\"margin-top:-200px;margin-bottom:-100px\">\n<div class=\"wp-block-column is-layout-flow wp-block-column-is-layout-flow\" style=\"flex-basis:10%\"><\/div>\n\n\n\n<div class=\"wp-block-column zindex has-palette-color-9-background-color has-background is-layout-flow wp-block-column-is-layout-flow\" style=\"padding-top:var(--wp--preset--spacing--60);padding-right:var(--wp--preset--spacing--60);padding-bottom:var(--wp--preset--spacing--60);padding-left:var(--wp--preset--spacing--60);box-shadow:var(--wp--preset--shadow--crisp);flex-basis:80%\" id=\"about\">\n<h2 class=\"wp-block-heading has-text-align-center\" id=\"wer-sind-wir\">WER SIND WIR?<\/h2>\n\n\n\n<p class=\"has-text-align-center\">Kinder mit SPG3A wurde von zwei Familien mit kleinen Kindern gegr\u00fcndet, die an spastischer Paraplegie Typ 3A leiden.<\/p>\n\n\n\n<p class=\"has-text-align-center\">Emily wurde 2020 im Alter von 18 Monaten mit SPG3A diagnostiziert.<br>Carter wurde kurz nach dem Verfehlen entwicklungsbedingter motorischer Meilensteine im Alter von sechs Monaten mit Zerebralparese diagnostiziert. Seine Diagnose wurde im Alter von 5 Jahren nach genetischen Tests im Boston Children\u2019s Hospital auf SPG3A ge\u00e4ndert.<br>Sowohl Carter als auch Emily haben Varianten, die \u201ede novo\u201c sind, nicht von ihren Eltern vererbt, und ihre Symptome sind komplex, da sie nicht nur ihre Beine, sondern auch ihre oberen Gliedma\u00dfen und Mundmuskeln betreffen.<\/p>\n\n\n\n<p class=\"has-text-align-center\">Carters Gro\u00dfvater, <a href=\"https:\/\/en.wikipedia.org\/wiki\/Joseph_Avellone\" target=\"_blank\" rel=\"noreferrer noopener\">Joseph Avellone, MD<\/a>, verf\u00fcgt \u00fcber umfangreiche Erfahrung in der Gesundheits- und Biomedizinbranche.<br>Er gr\u00fcndete die Carter Foundation for Neurologic Research, um Forschungen zu<br>Ursachen und Behandlung seltener neurologischer Erkrankungen bei Kindern zu unterst\u00fctzen. <a href=\"https:\/\/www.massgeneral.org\/doctors\/21073\/craig-blackstone\" target=\"_blank\" rel=\"noreferrer noopener\">Dr. Craig Blackstone<\/a>, Leiter der Abteilung f\u00fcr Bewegungsst\u00f6rungen, Abteilung f\u00fcr Neurologie, Massachusetts General Hospital, ist der leitende wissenschaftliche Berater der Stiftung und ein prominenter Forscher mit langfristigem Fokus auf erbliche spastische Paraplegien.<\/p>\n\n\n\n<p class=\"has-text-align-center\">Die beiden Familien arbeiten eng mit Forschern zusammen und teilen Forschungsupdates mit anderen Familien auf der <a href=\"https:\/\/kids-with-spg3a.mn.co\/\" target=\"_blank\" rel=\"noreferrer noopener\">Kinder mit SPG3A Community-Plattform<\/a>.<\/p>\n<\/div>\n\n\n\n<div class=\"wp-block-column is-layout-flow wp-block-column-is-layout-flow\" style=\"flex-basis:10%\"><\/div>\n<\/div>\n\n\n\n<div class=\"wp-block-cover alignfull has-parallax\" style=\"margin-top:0;margin-bottom:0;padding-top:var(--wp--preset--spacing--80);padding-bottom:var(--wp--preset--spacing--80)\"><div class=\"wp-block-cover__image-background wp-image-25 size-large has-parallax\" style=\"background-position:50% 50%;background-image:url(https:\/\/kidswithspg3a.com\/wp-content\/uploads\/2025\/04\/635b6515ae143150e06c4365_Rectangle-10-min-1024x693.png)\"><\/div><span aria-hidden=\"true\" class=\"wp-block-cover__background has-background-dim-20 has-background-dim\" style=\"background-color:#0d527d\"><\/span><div class=\"wp-block-cover__inner-container is-layout-constrained wp-block-cover-is-layout-constrained\">\n<div class=\"wp-block-columns is-layout-flex wp-container-core-columns-is-layout-4c1dd492 wp-block-columns-is-layout-flex\" style=\"margin-top:var(--wp--preset--spacing--80);margin-bottom:var(--wp--preset--spacing--80)\">\n<div class=\"wp-block-column is-layout-flow wp-block-column-is-layout-flow\" style=\"flex-basis:15%\"><\/div>\n\n\n\n<div class=\"wp-block-column has-palette-color-8-color has-text-color has-link-color wp-elements-932a45c938af1c19fecc79194268f279 is-layout-flow wp-block-column-is-layout-flow\" style=\"padding-top:var(--wp--preset--spacing--60);padding-right:var(--wp--preset--spacing--60);padding-bottom:var(--wp--preset--spacing--60);padding-left:var(--wp--preset--spacing--60)\">\n<div class=\"wp-block-group is-content-justification-left is-layout-constrained wp-container-core-group-is-layout-12dd3699 wp-block-group-is-layout-constrained\">\n<h2 class=\"wp-block-heading has-text-align-center\" id=\"was-ist-spg3a\">WAS IST SPG3A?<\/h2>\n<\/div>\n\n\n\n<p class=\"has-text-align-center\">SPG3A ist die h\u00e4ufigste Form von HSP, der erblichen spastischen Paraplegie, bei Kindern.<br>Das Hauptsymptom von HSP ist die Schwierigkeit beim Gehen aufgrund von angespannten (spastischen) und schwachen Beinmuskeln.<br>Einige Patienten zeigen komplexere Symptome, die andere K\u00f6rperbereiche betreffen.<br>Die Schwere der Symptome verschlimmert sich in der Regel mit der Zeit.<\/p>\n\n\n\n<div class=\"wp-block-buttons is-content-justification-center is-layout-flex wp-container-core-buttons-is-layout-a89b3969 wp-block-buttons-is-layout-flex\">\n<div class=\"wp-block-button is-style-fill\"><a class=\"wp-block-button__link has-text-align-center wp-element-button\" href=\"https:\/\/kidswithspg3a.com\/about-spg3a\/\">Mehr erfahren<\/a><\/div>\n<\/div>\n<\/div>\n\n\n\n<div class=\"wp-block-column is-layout-flow wp-block-column-is-layout-flow\" style=\"flex-basis:15%\"><\/div>\n<\/div>\n<\/div><\/div>\n\n\n\n<div class=\"wp-block-cover alignfull\" style=\"margin-top:0;margin-bottom:0\"><span aria-hidden=\"true\" class=\"wp-block-cover__background has-palette-color-10-background-color has-background-dim-100 has-background-dim\"><\/span><div class=\"wp-block-cover__inner-container is-layout-constrained wp-block-cover-is-layout-constrained\">\n<div class=\"wp-block-columns is-layout-flex wp-container-core-columns-is-layout-28f84493 wp-block-columns-is-layout-flex\">\n<div class=\"wp-block-column has-palette-color-8-color has-text-color has-link-color wp-elements-d6456a4a74ba16bab53ac5d696376e92 is-layout-flow wp-block-column-is-layout-flow\" style=\"padding-top:var(--wp--preset--spacing--60);padding-right:var(--wp--preset--spacing--60);padding-bottom:var(--wp--preset--spacing--60);padding-left:var(--wp--preset--spacing--60)\">\n<h2 class=\"wp-block-heading has-palette-color-8-color has-text-color has-link-color wp-elements-dba6622d75af73d3bc18f4a0f337729e\" id=\"forschung\">FORSCHUNG<\/h2>\n\n\n\n<p>Die Carter Foundation hat in ihrem ersten Jahr ein Programm f\u00fcr die Wirkstoffforschung und Gentherapie f\u00fcr SPG3A ins Leben gerufen. Klicken Sie auf den untenstehenden Link, um mehr zu erfahren.<\/p>\n\n\n\n<p>Wir fordern alle auf, sich der <a href=\"https:\/\/clinicaltrials.gov\/ct2\/show\/NCT04712812?cond=NCT04712812&amp;draw=2&amp;rank=1\" target=\"_blank\" rel=\"noreferrer noopener\"><strong>Naturgeschichte-Studie zu fr\u00fch einsetzender erblicher spastischer Paraplegie (HSP)<\/strong><\/a> anzuschlie\u00dfen, die der Ausgangspunkt f\u00fcr zuk\u00fcnftige klinische Studien sein wird. Bitte senden Sie eine E-Mail direkt an die Forschungskoordinatorin Amy Tam unter amy.tam@childrens.harvard.edu, um teilzunehmen.<\/p>\n\n\n\n<div class=\"wp-block-group has-border-color has-palette-color-4-border-color is-layout-constrained wp-container-core-group-is-layout-f611be13 wp-block-group-is-layout-constrained\" style=\"border-width:1px;padding-top:var(--wp--preset--spacing--50);padding-right:var(--wp--preset--spacing--50);padding-bottom:var(--wp--preset--spacing--50);padding-left:var(--wp--preset--spacing--50)\">\n<p class=\"has-text-align-center\">Um mehr \u00fcber das Forschungsprogramm der Carter Foundation f\u00fcr eine Heilung von SPG3A und die HSP-Naturgeschichte-Studie zu erfahren:<\/p>\n\n\n\n<div class=\"wp-block-buttons is-content-justification-center is-layout-flex wp-container-core-buttons-is-layout-a89b3969 wp-block-buttons-is-layout-flex\">\n<div class=\"wp-block-button\"><a class=\"wp-block-button__link wp-element-button\" href=\"https:\/\/www.kidswithspg3a.com\/research\" target=\"_blank\" rel=\"noreferrer noopener\">Hier klicken<\/a><\/div>\n<\/div>\n<\/div>\n<\/div>\n\n\n\n<div class=\"wp-block-column is-vertically-aligned-center is-layout-flow wp-block-column-is-layout-flow\">\n<figure class=\"wp-block-image size-large\"><img loading=\"lazy\" decoding=\"async\" width=\"1024\" height=\"780\" src=\"https:\/\/kidswithspg3a.com\/wp-content\/uploads\/2025\/04\/635b6519a5c3b6febb6042b6_Rectangle-90-min-1024x780.png\" alt=\"\" class=\"wp-image-24\" title=\"\" srcset=\"https:\/\/kidswithspg3a.com\/wp-content\/uploads\/2025\/04\/635b6519a5c3b6febb6042b6_Rectangle-90-min-1024x780.png 1024w, https:\/\/kidswithspg3a.com\/wp-content\/uploads\/2025\/04\/635b6519a5c3b6febb6042b6_Rectangle-90-min-300x229.png 300w, https:\/\/kidswithspg3a.com\/wp-content\/uploads\/2025\/04\/635b6519a5c3b6febb6042b6_Rectangle-90-min-768x585.png 768w, https:\/\/kidswithspg3a.com\/wp-content\/uploads\/2025\/04\/635b6519a5c3b6febb6042b6_Rectangle-90-min.png 1148w\" sizes=\"auto, (max-width: 1024px) 100vw, 1024px\" \/><\/figure>\n<\/div>\n<\/div>\n<\/div><\/div>\n\n\n\n<div class=\"wp-block-group alignfull has-palette-color-8-color has-palette-color-3-background-color has-text-color has-background has-link-color wp-elements-9165c33cbd5bb18f2f3a15fabc04437d is-layout-constrained wp-block-group-is-layout-constrained\" style=\"padding-top:var(--wp--preset--spacing--80);padding-bottom:var(--wp--preset--spacing--80)\">\n<h1 class=\"wp-block-heading has-text-align-center\" id=\"kontaktieren-sie-uns\">KONTAKTIEREN SIE UNS<\/h1>\n\n\n\n<p class=\"has-text-align-center\">Bitte treten Sie unserer <a href=\"https:\/\/kids-with-spg3a.mn.co\/\" target=\"_blank\" rel=\"noreferrer noopener\">Community-Plattform<\/a> bei, um mit anderen Familien mit SPG3A in Kontakt zu bleiben und \u00fcber die neuesten Forschungsergebnisse auf dem Laufenden zu bleiben.<\/p>\n\n\n\n<div class=\"wp-block-buttons is-content-justification-center is-layout-flex wp-container-core-buttons-is-layout-a89b3969 wp-block-buttons-is-layout-flex\">\n<div class=\"wp-block-button\"><a class=\"wp-block-button__link has-text-align-center wp-element-button\" href=\"https:\/\/kids-with-spg3a.mn.co\/\" target=\"_blank\" rel=\"noreferrer noopener\">Unserer Gemeinschaft beitreten<\/a><\/div>\n<\/div>\n\n\n\n<p class=\"has-text-align-center\">Wenn Sie Fragen oder Vorschl\u00e4ge haben, senden Sie uns bitte eine E-Mail an<br><a href=\"mailto:info@kidswithspg3a.com\">info@kidswithspg3a.com<\/a><\/p>\n<\/div>","protected":false},"excerpt":{"rendered":"<p>WER SIND WIR? Kinder mit SPG3A wurde von zwei Familien mit kleinen Kindern gegr\u00fcndet, die an spastischer Paraplegie Typ 3A leiden. Emily wurde 2020 im Alter von 18 Monaten mit SPG3A diagnostiziert.Carter wurde kurz nach dem Verfehlen entwicklungsbedingter motorischer Meilensteine im Alter von sechs Monaten mit Zerebralparese diagnostiziert. Seine Diagnose wurde im Alter von 5 [&hellip;]<\/p>\n","protected":false},"author":1,"featured_media":0,"parent":0,"menu_order":0,"comment_status":"closed","ping_status":"closed","template":"","meta":{"ghostkit_customizer_options":"","ghostkit_custom_css":"","ghostkit_custom_js_head":"","ghostkit_custom_js_foot":"","ghostkit_typography":"","footnotes":""},"class_list":["post-6","page","type-page","status-publish","hentry"],"blocksy_meta":{"has_hero_section":"disabled","styles_descriptor":{"styles":{"desktop":"","tablet":"","mobile":""},"google_fonts":[],"version":6},"content_style_source":"inherit","vertical_spacing_source":"custom","content_area_spacing":"none","background":{"background_type":"color","background_pattern":"type-1","background_image":{"attachment_id":null,"x":0,"y":0},"gradient":"linear-gradient(135deg,rgba(6,147,227,1) 0%,rgb(155,81,224) 100%)","background_repeat":"repeat","background_size":"auto","background_attachment":"scroll","patternColor":{"default":{"color":"#e5e7ea"}},"overlayColor":{"default":{"color":"CT_CSS_SKIP_RULE"}},"backgroundColor":{"default":{"color":"CT_CSS_SKIP_RULE"}}}},"_links":{"self":[{"href":"https:\/\/kidswithspg3a.com\/de\/wp-json\/wp\/v2\/pages\/6","targetHints":{"allow":["GET"]}}],"collection":[{"href":"https:\/\/kidswithspg3a.com\/de\/wp-json\/wp\/v2\/pages"}],"about":[{"href":"https:\/\/kidswithspg3a.com\/de\/wp-json\/wp\/v2\/types\/page"}],"author":[{"embeddable":true,"href":"https:\/\/kidswithspg3a.com\/de\/wp-json\/wp\/v2\/users\/1"}],"replies":[{"embeddable":true,"href":"https:\/\/kidswithspg3a.com\/de\/wp-json\/wp\/v2\/comments?post=6"}],"version-history":[{"count":90,"href":"https:\/\/kidswithspg3a.com\/de\/wp-json\/wp\/v2\/pages\/6\/revisions"}],"predecessor-version":[{"id":329,"href":"https:\/\/kidswithspg3a.com\/de\/wp-json\/wp\/v2\/pages\/6\/revisions\/329"}],"wp:attachment":[{"href":"https:\/\/kidswithspg3a.com\/de\/wp-json\/wp\/v2\/media?parent=6"}],"curies":[{"name":"wp","href":"https:\/\/api.w.org\/{rel}","templated":true}]}}