{"id":140,"date":"2025-04-28T17:42:32","date_gmt":"2025-04-28T17:42:32","guid":{"rendered":"https:\/\/honeydew-hyena-350809.hostingersite.com\/?page_id=140"},"modified":"2025-05-08T14:49:21","modified_gmt":"2025-05-08T14:49:21","slug":"about-spg3a","status":"publish","type":"page","link":"https:\/\/kidswithspg3a.com\/it\/about-spg3a\/","title":{"rendered":"Su SPG3A"},"content":{"rendered":"<div style=\"height:100px\" aria-hidden=\"true\" class=\"wp-block-spacer\"><\/div>\n\n\n\n<h1 class=\"wp-block-heading\" id=\"cos-e-la-paraplegia-spastica-3a\">COS\u2019\u00c8 LA PARAPLEGIA SPASTICA 3A?<\/h1>\n\n\n\n<p>La SPG3A (nota anche come ATL1-HSP) \u00e8 il tipo pi\u00f9 comune di HSP autosomica dominante nei bambini. L\u2019et\u00e0 media di insorgenza per la SPG3A \u00e8 di 4 anni e oltre l\u201980% dei casi manifesta sintomi prima dei 10 anni.<br><br>La SPG3A \u00e8 un sottotipo di un gruppo di rare condizioni neurologiche chiamate Paraplegia Spastica Ereditaria. Le paraplegie spastiche ereditarie sono spesso suddivise in due tipi: pure e complesse. I tipi puri coinvolgono solo gli arti inferiori, mentre i tipi complessi coinvolgono anche altre aree del corpo, come gli arti superiori e i muscoli motori orali, e possono presentare altri sintomi come convulsioni e alterazioni delle funzioni intellettive.<br><br>Le mutazioni nel gene ATL-1 (Atlastina-1) causano la SPG3A. Queste mutazioni probabilmente portano a un\u2019attivit\u00e0 anomala dell\u2019atlastina-1, che compromette il funzionamento dei neuroni, inclusa la distribuzione dei materiali all\u2019interno di queste cellule. Questa mancanza di proteina atlastina-1 funzionale pu\u00f2 anche limitare la crescita degli assoni. All\u2019interno dei lunghi neuroni dei tratti corticospinali, questi problemi possono portare alla morte cellulare. Di conseguenza, i neuroni non sono in grado di trasmettere impulsi nervosi, in particolare ad altri neuroni e muscoli degli arti inferiori. Questa compromissione della funzione nervosa porta ai segni e sintomi della paraplegia spastica di tipo 3A.<br><br>La maggior parte delle persone con SPG3A (>95%) ha un genitore affetto. In altre parole, ereditano la mutazione genetica da almeno uno dei genitori. In alcuni individui, la mutazione avviene \u201cde novo\u201d, ovvero il gene muta casualmente durante lo sviluppo embrionale e non \u00e8 ereditato da un genitore.<\/p>\n\n\n\n<p>Fonte: Istituto Nazionale della Sanit\u00e0, Biblioteca Nazionale di Medicina, MedlinePlus<\/p>\n\n\n\n<figure class=\"wp-block-image size-full\"><img loading=\"lazy\" decoding=\"async\" width=\"1784\" height=\"1081\" src=\"https:\/\/kidswithspg3a.com\/wp-content\/uploads\/2025\/04\/635b6516ec84c0032d42e584_Rectangle-50-min.png\" alt=\"\" class=\"wp-image-141\" title=\"\" srcset=\"https:\/\/kidswithspg3a.com\/wp-content\/uploads\/2025\/04\/635b6516ec84c0032d42e584_Rectangle-50-min.png 1784w, https:\/\/kidswithspg3a.com\/wp-content\/uploads\/2025\/04\/635b6516ec84c0032d42e584_Rectangle-50-min-300x182.png 300w, https:\/\/kidswithspg3a.com\/wp-content\/uploads\/2025\/04\/635b6516ec84c0032d42e584_Rectangle-50-min-1024x620.png 1024w, https:\/\/kidswithspg3a.com\/wp-content\/uploads\/2025\/04\/635b6516ec84c0032d42e584_Rectangle-50-min-768x465.png 768w, https:\/\/kidswithspg3a.com\/wp-content\/uploads\/2025\/04\/635b6516ec84c0032d42e584_Rectangle-50-min-1536x931.png 1536w\" sizes=\"auto, (max-width: 1784px) 100vw, 1784px\" \/><figcaption class=\"wp-element-caption\">Fonte: Paraplegia Spastica Ereditaria: Un Aggiornamento del Dr. Arun Meyyazhagan<\/figcaption><\/figure>","protected":false},"excerpt":{"rendered":"<p>COS\u2019\u00c8 LA PARAPLEGIA SPASTICA 3A? La SPG3A (nota anche come ATL1-HSP) \u00e8 il tipo pi\u00f9 comune di HSP autosomica dominante nei bambini. L\u2019et\u00e0 media di insorgenza per la SPG3A \u00e8 di 4 anni e oltre l\u201980% dei casi manifesta sintomi prima dei 10 anni. La SPG3A \u00e8 un sottotipo di un gruppo di rare condizioni [&hellip;]<\/p>\n","protected":false},"author":1,"featured_media":0,"parent":0,"menu_order":0,"comment_status":"closed","ping_status":"closed","template":"","meta":{"ghostkit_customizer_options":"","ghostkit_custom_css":"","ghostkit_custom_js_head":"","ghostkit_custom_js_foot":"","ghostkit_typography":"","footnotes":""},"class_list":["post-140","page","type-page","status-publish","hentry"],"blocksy_meta":{"background":{"background_type":"image","background_pattern":"type-1","background_image":{"attachment_id":142,"x":0,"y":0,"url":"https:\/\/kidswithspg3a.com\/wp-content\/uploads\/2025\/04\/635bd3421cfdc0509b3cd923_Artboard-min.png"},"gradient":"linear-gradient(135deg,rgba(6,147,227,1) 0%,rgb(155,81,224) 100%)","background_repeat":"repeat","background_size":"auto","background_attachment":"scroll","patternColor":{"default":{"color":"#e5e7ea"}},"overlayColor":{"default":{"color":"CT_CSS_SKIP_RULE"}},"backgroundColor":{"default":{"color":"#ffffff"}}},"styles_descriptor":{"styles":{"desktop":"[data-prefix=\"single_page\"] {background-position:0% 0%;background-color:#ffffff;background-image:url(https:\/\/kidswithspg3a.com\/wp-content\/uploads\/2025\/04\/635bd3421cfdc0509b3cd923_Artboard-min.png);}","tablet":"","mobile":""},"google_fonts":[],"version":6},"has_hero_section":"disabled"},"_links":{"self":[{"href":"https:\/\/kidswithspg3a.com\/it\/wp-json\/wp\/v2\/pages\/140","targetHints":{"allow":["GET"]}}],"collection":[{"href":"https:\/\/kidswithspg3a.com\/it\/wp-json\/wp\/v2\/pages"}],"about":[{"href":"https:\/\/kidswithspg3a.com\/it\/wp-json\/wp\/v2\/types\/page"}],"author":[{"embeddable":true,"href":"https:\/\/kidswithspg3a.com\/it\/wp-json\/wp\/v2\/users\/1"}],"replies":[{"embeddable":true,"href":"https:\/\/kidswithspg3a.com\/it\/wp-json\/wp\/v2\/comments?post=140"}],"version-history":[{"count":13,"href":"https:\/\/kidswithspg3a.com\/it\/wp-json\/wp\/v2\/pages\/140\/revisions"}],"predecessor-version":[{"id":194,"href":"https:\/\/kidswithspg3a.com\/it\/wp-json\/wp\/v2\/pages\/140\/revisions\/194"}],"wp:attachment":[{"href":"https:\/\/kidswithspg3a.com\/it\/wp-json\/wp\/v2\/media?parent=140"}],"curies":[{"name":"wp","href":"https:\/\/api.w.org\/{rel}","templated":true}]}}