{"id":140,"date":"2025-04-28T17:42:32","date_gmt":"2025-04-28T17:42:32","guid":{"rendered":"https:\/\/honeydew-hyena-350809.hostingersite.com\/?page_id=140"},"modified":"2025-05-08T14:49:21","modified_gmt":"2025-05-08T14:49:21","slug":"about-spg3a","status":"publish","type":"page","link":"https:\/\/kidswithspg3a.com\/pb\/about-spg3a\/","title":{"rendered":"Sobre a SPG3A"},"content":{"rendered":"<div style=\"height:100px\" aria-hidden=\"true\" class=\"wp-block-spacer\"><\/div>\n\n\n\n<h1 class=\"wp-block-heading\" id=\"o-que-e-paraplegia-espastica-3a\">O QUE \u00c9 PARAPLEGIA ESP\u00c1STICA 3A?<\/h1>\n\n\n\n<p>SPG3A (tamb\u00e9m conhecida como ATL1-HSP) \u00e9 o tipo mais comum de HSP autoss\u00f4mica dominante em crian\u00e7as. A idade m\u00e9dia de in\u00edcio para SPG3\u6295\u6ce8A \u00e9 de 4 anos, e mais de 80% dos casos apresentam sintomas antes dos 10 anos.<br><br>SPG3A \u00e9 um subtipo de um grupo de condi\u00e7\u00f5es neurol\u00f3gicas raras chamado Paraplegia Esp\u00e1stica Heredit\u00e1ria. As paraplegias esp\u00e1sticas heredit\u00e1rias s\u00e3o frequentemente divididas em dois tipos: pura e complexa. Os tipos puros afetam apenas os membros inferiores, enquanto os tipos complexos tamb\u00e9m envolvem outras \u00e1reas do corpo, como membros superiores e m\u00fasculos motores orais, e podem apresentar outros sintomas, como convuls\u00f5es e altera\u00e7\u00f5es no funcionamento intelectual.<br><br>Muta\u00e7\u00f5es no gene ATL-1 (Atlastina-1) causam SPG3A. Essas muta\u00e7\u00f5es provavelmente levam a uma atividade anormal da atlastina-1, o que prejudica o funcionamento dos neur\u00f4nios, incluindo a distribui\u00e7\u00e3o de materiais dentro dessas c\u00e9lulas. Essa falta de prote\u00edna atlastina-1 funcional tamb\u00e9m pode restringir o crescimento dos ax\u00f4nios. Nos neur\u00f4nios longos dos tratos corticospinais, esses problemas podem levar \u00e0 morte celular. Como resultado, os neur\u00f4nios n\u00e3o conseguem transmitir impulsos nervosos, particularmente para outros neur\u00f4nios e m\u00fasculos nas extremidades inferiores. Essa fun\u00e7\u00e3o nervosa prejudicada leva aos sinais e sintomas da paraplegia esp\u00e1stica tipo 3A.<br><br>A maioria dos indiv\u00edduos com SPG3A (>95%) tem um pai afetado. Em outras palavras, eles herdam a muta\u00e7\u00e3o gen\u00e9tica de pelo menos um dos pais. Em alguns indiv\u00edduos, a muta\u00e7\u00e3o ocorre &#8220;de novo&#8221;, ou seja, o gene sofre uma muta\u00e7\u00e3o aleat\u00f3ria durante o desenvolvimento embrion\u00e1rio e n\u00e3o \u00e9 herdado de um pai.<\/p>\n\n\n\n<p>Fonte: Instituto Nacional de Sa\u00fade, Biblioteca Nacional de Medicina, MedlinePlus<\/p>\n\n\n\n<figure class=\"wp-block-image size-full\"><img loading=\"lazy\" decoding=\"async\" width=\"1784\" height=\"1081\" src=\"https:\/\/kidswithspg3a.com\/wp-content\/uploads\/2025\/04\/635b6516ec84c0032d42e584_Rectangle-50-min.png\" alt=\"\" class=\"wp-image-141\" title=\"\" srcset=\"https:\/\/kidswithspg3a.com\/wp-content\/uploads\/2025\/04\/635b6516ec84c0032d42e584_Rectangle-50-min.png 1784w, https:\/\/kidswithspg3a.com\/wp-content\/uploads\/2025\/04\/635b6516ec84c0032d42e584_Rectangle-50-min-300x182.png 300w, https:\/\/kidswithspg3a.com\/wp-content\/uploads\/2025\/04\/635b6516ec84c0032d42e584_Rectangle-50-min-1024x620.png 1024w, https:\/\/kidswithspg3a.com\/wp-content\/uploads\/2025\/04\/635b6516ec84c0032d42e584_Rectangle-50-min-768x465.png 768w, https:\/\/kidswithspg3a.com\/wp-content\/uploads\/2025\/04\/635b6516ec84c0032d42e584_Rectangle-50-min-1536x931.png 1536w\" sizes=\"auto, (max-width: 1784px) 100vw, 1784px\" \/><figcaption class=\"wp-element-caption\">Fonte: Paraplegia Esp\u00e1stica Heredit\u00e1ria: Uma Atualiza\u00e7\u00e3o por Dr. Arun Meyyazhagan<\/figcaption><\/figure>","protected":false},"excerpt":{"rendered":"<p>O QUE \u00c9 PARAPLEGIA ESP\u00c1STICA 3A? SPG3A (tamb\u00e9m conhecida como ATL1-HSP) \u00e9 o tipo mais comum de HSP autoss\u00f4mica dominante em crian\u00e7as. A idade m\u00e9dia de in\u00edcio para SPG3\u6295\u6ce8A \u00e9 de 4 anos, e mais de 80% dos casos apresentam sintomas antes dos 10 anos. SPG3A \u00e9 um subtipo de um grupo de condi\u00e7\u00f5es neurol\u00f3gicas [&hellip;]<\/p>\n","protected":false},"author":1,"featured_media":0,"parent":0,"menu_order":0,"comment_status":"closed","ping_status":"closed","template":"","meta":{"ghostkit_customizer_options":"","ghostkit_custom_css":"","ghostkit_custom_js_head":"","ghostkit_custom_js_foot":"","ghostkit_typography":"","footnotes":""},"class_list":["post-140","page","type-page","status-publish","hentry"],"blocksy_meta":{"background":{"background_type":"image","background_pattern":"type-1","background_image":{"attachment_id":142,"x":0,"y":0,"url":"https:\/\/kidswithspg3a.com\/wp-content\/uploads\/2025\/04\/635bd3421cfdc0509b3cd923_Artboard-min.png"},"gradient":"linear-gradient(135deg,rgba(6,147,227,1) 0%,rgb(155,81,224) 100%)","background_repeat":"repeat","background_size":"auto","background_attachment":"scroll","patternColor":{"default":{"color":"#e5e7ea"}},"overlayColor":{"default":{"color":"CT_CSS_SKIP_RULE"}},"backgroundColor":{"default":{"color":"#ffffff"}}},"styles_descriptor":{"styles":{"desktop":"[data-prefix=\"single_page\"] {background-position:0% 0%;background-color:#ffffff;background-image:url(https:\/\/kidswithspg3a.com\/wp-content\/uploads\/2025\/04\/635bd3421cfdc0509b3cd923_Artboard-min.png);}","tablet":"","mobile":""},"google_fonts":[],"version":6},"has_hero_section":"disabled"},"_links":{"self":[{"href":"https:\/\/kidswithspg3a.com\/pb\/wp-json\/wp\/v2\/pages\/140","targetHints":{"allow":["GET"]}}],"collection":[{"href":"https:\/\/kidswithspg3a.com\/pb\/wp-json\/wp\/v2\/pages"}],"about":[{"href":"https:\/\/kidswithspg3a.com\/pb\/wp-json\/wp\/v2\/types\/page"}],"author":[{"embeddable":true,"href":"https:\/\/kidswithspg3a.com\/pb\/wp-json\/wp\/v2\/users\/1"}],"replies":[{"embeddable":true,"href":"https:\/\/kidswithspg3a.com\/pb\/wp-json\/wp\/v2\/comments?post=140"}],"version-history":[{"count":13,"href":"https:\/\/kidswithspg3a.com\/pb\/wp-json\/wp\/v2\/pages\/140\/revisions"}],"predecessor-version":[{"id":194,"href":"https:\/\/kidswithspg3a.com\/pb\/wp-json\/wp\/v2\/pages\/140\/revisions\/194"}],"wp:attachment":[{"href":"https:\/\/kidswithspg3a.com\/pb\/wp-json\/wp\/v2\/media?parent=140"}],"curies":[{"name":"wp","href":"https:\/\/api.w.org\/{rel}","templated":true}]}}