{"id":166,"date":"2025-04-28T18:01:29","date_gmt":"2025-04-28T18:01:29","guid":{"rendered":"https:\/\/honeydew-hyena-350809.hostingersite.com\/?page_id=166"},"modified":"2025-08-05T11:02:12","modified_gmt":"2025-08-05T11:02:12","slug":"contact","status":"publish","type":"page","link":"https:\/\/kidswithspg3a.com\/tr\/contact\/","title":{"rendered":"\u0130leti\u015fim"},"content":{"rendered":"<div style=\"height:100px\" aria-hidden=\"true\" class=\"wp-block-spacer\"><\/div>\n\n\n\n<div class=\"wp-block-group has-palette-color-8-color has-text-color has-link-color wp-elements-1e3efb4d10dcc3c61dfbdf1a11973082 is-layout-constrained wp-block-group-is-layout-constrained\">\n<h1 class=\"wp-block-heading has-text-align-center\" id=\"contact\">\u0130leti\u015fim<\/h1>\n\n\n\n<p class=\"has-text-align-center\">L\u00fctfen <a href=\"https:\/\/kids-with-spg3a.mn.co\/\" target=\"_blank\" rel=\"noreferrer noopener\">topluluk platformumuza<\/a> kat\u0131l\u0131n, b\u00f6ylece SPG3A&#8217;l\u0131 di\u011fer ailelerle ileti\u015fimde kalabilir ve en son ara\u015ft\u0131rmalar hakk\u0131nda g\u00fcncel bilgilere sahip olabilirsiniz. <a href=\"https:\/\/kids-with-spg3a.mn.co\/\" target=\"_blank\" rel=\"noreferrer noopener\">Toplulu\u011fumuza Kat\u0131l<\/a><\/p>\n\n\n\n<p class=\"has-text-align-center\">Herhangi bir sorunuz veya \u00f6neriniz varsa, l\u00fctfen bize e-posta g\u00f6nderin:<br>\u200d<a href=\"mailto:info@kidswithspg3a.com\">info@kidswithspg3a.com<\/a><\/p>\n<\/div>\n\n\n<div class='fluentform ff-inherit-theme-style fluentform_wrapper_1  ff_guten_block ff_guten_block-1'><form data-form_id=\"1\" id=\"fluentform_1\" class=\"frm-fluent-form fluent_form_1 ff-el-form-top ff_form_instance_1_5 ff-form-loading ffs_inherit_theme\" data-form_instance=\"ff_form_instance_1_5\" method=\"POST\" ><fieldset  style=\"border: none!important;margin: 0!important;padding: 0!important;background-color: transparent!important;box-shadow: none!important;outline: none!important; min-inline-size: 100%;\">\n                    <legend class=\"ff_screen_reader_title\" style=\"display: block; margin: 0!important;padding: 0!important;height: 0!important;text-indent: -999999px;width: 0!important;overflow:hidden;\">Contact Form<\/legend><input type='hidden' name='__fluent_form_embded_post_id' value='166' \/><input type=\"hidden\" id=\"_fluentform_1_fluentformnonce\" name=\"_fluentform_1_fluentformnonce\" value=\"62640ab058\" \/><input type=\"hidden\" name=\"_wp_http_referer\" value=\"\/tr\/wp-json\/wp\/v2\/pages\/166\" \/><div data-type=\"name-element\" data-name=\"names\" class=\" ff-field_container ff-name-field-wrapper\" ><div class='ff-t-container'><div class='ff-t-cell '><div class='ff-el-group  ff-el-form-hide_label'><div class=\"ff-el-input--label asterisk-right\"><label for='ff_1_5_names_first_name_' id='label_ff_1_5_names_first_name_' >First Name<\/label><\/div><div class='ff-el-input--content'><input type=\"text\" name=\"names[first_name]\" id=\"ff_1_5_names_first_name_\" class=\"ff-el-form-control\" placeholder=\"First Name\" aria-invalid=\"false\" aria-required=false><\/div><\/div><\/div><div class='ff-t-cell '><div class='ff-el-group  ff-el-form-hide_label'><div class=\"ff-el-input--label asterisk-right\"><label for='ff_1_5_names_last_name_' id='label_ff_1_5_names_last_name_' >Last Name<\/label><\/div><div class='ff-el-input--content'><input type=\"text\" name=\"names[last_name]\" id=\"ff_1_5_names_last_name_\" class=\"ff-el-form-control\" placeholder=\"Last Name\" aria-invalid=\"false\" aria-required=false><\/div><\/div><\/div><\/div><\/div><div class='ff-el-group ff-el-form-hide_label'><div class=\"ff-el-input--label ff-el-is-required asterisk-right\"><label for='ff_1_5_email' id='label_ff_1_5_email' aria-label=\"Email\">Email<\/label><\/div><div class='ff-el-input--content'><input type=\"email\" name=\"email\" id=\"ff_1_5_email\" class=\"ff-el-form-control\" placeholder=\"Email Address\" data-name=\"email\"  aria-invalid=\"false\" aria-required=true><\/div><\/div><div class='ff-el-group ff-el-form-hide_label'><div class=\"ff-el-input--label ff-el-is-required asterisk-right\"><label for='ff_1_5_message' id='label_ff_1_5_message' aria-label=\"Your Message\">Your Message<\/label><\/div><div class='ff-el-input--content'><textarea aria-required=\"true\" aria-labelledby=\"label_ff_1_5_message\" name=\"message\" id=\"ff_1_5_message\" class=\"ff-el-form-control\" placeholder=\"Your Message\" rows=\"4\" cols=\"2\" data-name=\"message\" ><\/textarea><\/div><\/div><div class='ff-el-group ff-text-left ff_submit_btn_wrapper'><button type=\"submit\" class=\"ff-btn ff-btn-submit ff-btn-md ff_btn_no_style\"  aria-label=\"Submit Form\">Submit Form<\/button><\/div><\/fieldset><\/form><div id='fluentform_1_errors' class='ff-errors-in-stack ff_form_instance_1_5 ff-form-loading_errors ff_form_instance_1_5_errors'><\/div><\/div>            <script type=\"text\/javascript\">\n                window.fluent_form_ff_form_instance_1_5 = {\"id\":\"1\",\"settings\":{\"layout\":{\"labelPlacement\":\"top\",\"helpMessagePlacement\":\"with_label\",\"errorMessagePlacement\":\"inline\",\"cssClassName\":\"\",\"asteriskPlacement\":\"asterisk-right\"},\"restrictions\":{\"denyEmptySubmission\":{\"enabled\":false}}},\"form_instance\":\"ff_form_instance_1_5\",\"form_id_selector\":\"fluentform_1\",\"rules\":{\"names[first_name]\":{\"required\":{\"value\":false,\"message\":\"This field is required\",\"global\":false,\"global_message\":\"This field is required\"}},\"names[middle_name]\":{\"required\":{\"value\":false,\"message\":\"This field is required\",\"global\":false,\"global_message\":\"This field is required\"}},\"names[last_name]\":{\"required\":{\"value\":false,\"message\":\"This field is required\",\"global\":false,\"global_message\":\"This field is required\"}},\"email\":{\"required\":{\"value\":true,\"message\":\"This field is required\",\"global\":false,\"global_message\":\"This field is required\"},\"email\":{\"value\":true,\"message\":\"This field must contain a valid email\",\"global\":false,\"global_message\":\"This field must contain a valid email\"}},\"message\":{\"required\":{\"value\":true,\"message\":\"This field is required\",\"global\":false,\"global_message\":\"This field is required\"}}},\"debounce_time\":300};\n                            <\/script>\n            \n\n\n<p><\/p>","protected":false},"excerpt":{"rendered":"<p>\u0130leti\u015fim L\u00fctfen topluluk platformumuza kat\u0131l\u0131n, b\u00f6ylece SPG3A&#8217;l\u0131 di\u011fer ailelerle ileti\u015fimde kalabilir ve en son ara\u015ft\u0131rmalar hakk\u0131nda g\u00fcncel bilgilere sahip olabilirsiniz. Toplulu\u011fumuza Kat\u0131l Herhangi bir sorunuz veya \u00f6neriniz varsa, l\u00fctfen bize e-posta g\u00f6nderin:\u200dinfo@kidswithspg3a.com<\/p>\n","protected":false},"author":1,"featured_media":0,"parent":0,"menu_order":0,"comment_status":"closed","ping_status":"closed","template":"","meta":{"ghostkit_customizer_options":"","ghostkit_custom_css":"","ghostkit_custom_js_head":"","ghostkit_custom_js_foot":"","ghostkit_typography":"","footnotes":""},"class_list":["post-166","page","type-page","status-publish","hentry"],"blocksy_meta":{"background":{"background_type":"image","background_pattern":"type-1","background_image":{"attachment_id":169,"x":0.54,"y":0.52,"url":"https:\/\/kidswithspg3a.com\/wp-content\/uploads\/2025\/04\/635b651826c8978857d3dd25_Rectangle-72-min-1-1024x661.png"},"gradient":"linear-gradient(135deg,rgba(6,147,227,1) 0%,rgb(155,81,224) 100%)","background_repeat":"repeat","background_size":"cover","background_attachment":"fixed","patternColor":{"default":{"color":"#e5e7ea"}},"overlayColor":{"default":{"color":"rgba(39, 78, 125, 0.49)"}},"backgroundColor":{"default":{"color":"rgba(42, 54, 74, 0.78)"}}},"styles_descriptor":{"styles":{"desktop":"[data-prefix=\"single_page\"] {background-position:54% 52%;background-size:cover;background-attachment:fixed;background-color:rgba(42, 54, 74, 0.78);background-image:linear-gradient(rgba(39, 78, 125, 0.49), rgba(39, 78, 125, 0.49)), url(https:\/\/kidswithspg3a.com\/wp-content\/uploads\/2025\/04\/635b651826c8978857d3dd25_Rectangle-72-min-1.png);}","tablet":"","mobile":""},"google_fonts":[],"version":6},"has_hero_section":"disabled"},"_links":{"self":[{"href":"https:\/\/kidswithspg3a.com\/tr\/wp-json\/wp\/v2\/pages\/166","targetHints":{"allow":["GET"]}}],"collection":[{"href":"https:\/\/kidswithspg3a.com\/tr\/wp-json\/wp\/v2\/pages"}],"about":[{"href":"https:\/\/kidswithspg3a.com\/tr\/wp-json\/wp\/v2\/types\/page"}],"author":[{"embeddable":true,"href":"https:\/\/kidswithspg3a.com\/tr\/wp-json\/wp\/v2\/users\/1"}],"replies":[{"embeddable":true,"href":"https:\/\/kidswithspg3a.com\/tr\/wp-json\/wp\/v2\/comments?post=166"}],"version-history":[{"count":32,"href":"https:\/\/kidswithspg3a.com\/tr\/wp-json\/wp\/v2\/pages\/166\/revisions"}],"predecessor-version":[{"id":354,"href":"https:\/\/kidswithspg3a.com\/tr\/wp-json\/wp\/v2\/pages\/166\/revisions\/354"}],"wp:attachment":[{"href":"https:\/\/kidswithspg3a.com\/tr\/wp-json\/wp\/v2\/media?parent=166"}],"curies":[{"name":"wp","href":"https:\/\/api.w.org\/{rel}","templated":true}]}}