{"id":6,"date":"2025-04-28T16:31:33","date_gmt":"2025-04-28T16:31:33","guid":{"rendered":"https:\/\/kidswithspg3a.com\/?page_id=6"},"modified":"2025-05-15T14:49:36","modified_gmt":"2025-05-15T14:49:36","slug":"homepage","status":"publish","type":"page","link":"https:\/\/kidswithspg3a.com\/tr\/","title":{"rendered":"Anasayfa"},"content":{"rendered":"<div class=\"wp-block-cover alignfull has-parallax\" style=\"border-top-style:none;border-top-width:0px;border-right-style:none;border-right-width:0px;border-bottom-color:var(--wp--preset--color--palette-color-2);border-bottom-width:5px;border-left-style:none;border-left-width:0px;margin-top:0;margin-bottom:0;min-height:100vh;aspect-ratio:unset;\"><div class=\"wp-block-cover__image-background wp-image-27 size-large has-parallax\" style=\"background-position:50% 50%;background-image:url(https:\/\/kidswithspg3a.com\/wp-content\/uploads\/2025\/04\/635b651826c8978857d3dd25_Rectangle-72-min-1024x661.png)\"><\/div><span aria-hidden=\"true\" class=\"wp-block-cover__background has-background-dim-10 has-background-dim\" style=\"background-color:#5f80b6\"><\/span><div class=\"wp-block-cover__inner-container is-layout-constrained wp-block-cover-is-layout-constrained\">\n<div class=\"wp-block-columns is-layout-flex wp-container-core-columns-is-layout-28f84493 wp-block-columns-is-layout-flex\">\n<div class=\"wp-block-column is-layout-flow wp-block-column-is-layout-flow\"><\/div>\n\n\n\n<div class=\"wp-block-column has-palette-color-8-color has-text-color has-background has-link-color wp-elements-dd4e2b659c1121b5cebfcace1c4852e9 is-layout-flow wp-block-column-is-layout-flow\" style=\"background-color:#302d30b8;padding-top:var(--wp--preset--spacing--60);padding-right:var(--wp--preset--spacing--60);padding-bottom:var(--wp--preset--spacing--60);padding-left:var(--wp--preset--spacing--60)\">\n<div class=\"wp-block-group is-content-justification-left is-layout-constrained wp-container-core-group-is-layout-12dd3699 wp-block-group-is-layout-constrained\">\n<figure class=\"wp-block-image size-full is-resized\"><img decoding=\"async\" src=\"https:\/\/kidswithspg3a.com\/wp-content\/uploads\/2025\/04\/kids-with-spg3a-white-text.svg\" alt=\"\" class=\"wp-image-31\" style=\"width:300px\" title=\"\"><\/figure>\n<\/div>\n\n\n\n<p>Misyonumuz, SPG3A&#8217;l\u0131 \u00e7ocuklar\u0131 \u015fu \u015fekilde ba\u011flamakt\u0131r:<\/p>\n\n\n\n<ul class=\"wp-block-list is-style-icon ghostkit-custom-2sGPhk\">\n<li>birbirleriyle, hayat, terapi ve tedavi deneyimlerini payla\u015fmak i\u00e7in<\/li>\n\n\n\n<li>ara\u015ft\u0131rmac\u0131larla, tedavi bulma \u00e7abalar\u0131na yard\u0131mc\u0131 olmak i\u00e7in<\/li>\n<\/ul>\n\n\n\n<p>D\u00fcnyan\u0131n neresinde olursan\u0131z olun, l\u00fctfen en son ara\u015ft\u0131rmalar\u0131 takip etmek i\u00e7in <strong>SPG3A<\/strong> <strong>toplulu\u011fumuza<\/strong> kat\u0131l\u0131n.<br>\u200d<br>Bir tedavi bulma konusunda, g\u00fc\u00e7 say\u0131larda yatar!<\/p>\n\n\n\n<div class=\"wp-block-buttons is-layout-flex wp-block-buttons-is-layout-flex\">\n<div class=\"wp-block-button is-style-outline is-style-outline--5\"><a class=\"wp-block-button__link has-palette-color-8-color has-text-color has-link-color has-border-color has-palette-color-8-border-color wp-element-button\" href=\"https:\/\/kids-with-spg3a.mn.co\/\" target=\"_blank\" rel=\"noreferrer noopener\">Toplulu\u011fumuza Kat\u0131l<\/a><\/div>\n<\/div>\n<\/div>\n<\/div>\n<\/div><\/div>\n\n\n\n<div class=\"wp-block-columns alignfull is-layout-flex wp-container-core-columns-is-layout-f0342b05 wp-block-columns-is-layout-flex\" style=\"margin-top:0;margin-bottom:0\">\n<div class=\"wp-block-column is-layout-flow wp-block-column-is-layout-flow\">\n<figure class=\"wp-block-image size-large\"><img loading=\"lazy\" decoding=\"async\" width=\"1024\" height=\"987\" src=\"https:\/\/kidswithspg3a.com\/wp-content\/uploads\/2025\/04\/637f07ee5b9b5e8965ba5c63_2-1024x987.jpg\" alt=\"\" class=\"wp-image-22\" title=\"\" srcset=\"https:\/\/kidswithspg3a.com\/wp-content\/uploads\/2025\/04\/637f07ee5b9b5e8965ba5c63_2-1024x987.jpg 1024w, https:\/\/kidswithspg3a.com\/wp-content\/uploads\/2025\/04\/637f07ee5b9b5e8965ba5c63_2-300x289.jpg 300w, https:\/\/kidswithspg3a.com\/wp-content\/uploads\/2025\/04\/637f07ee5b9b5e8965ba5c63_2-768x740.jpg 768w, https:\/\/kidswithspg3a.com\/wp-content\/uploads\/2025\/04\/637f07ee5b9b5e8965ba5c63_2-1536x1480.jpg 1536w, https:\/\/kidswithspg3a.com\/wp-content\/uploads\/2025\/04\/637f07ee5b9b5e8965ba5c63_2-2048x1973.jpg 2048w\" sizes=\"auto, (max-width: 1024px) 100vw, 1024px\" \/><\/figure>\n<\/div>\n\n\n\n<div class=\"wp-block-column is-layout-flow wp-block-column-is-layout-flow\">\n<figure class=\"wp-block-image size-large\"><img loading=\"lazy\" decoding=\"async\" width=\"1024\" height=\"987\" src=\"https:\/\/kidswithspg3a.com\/wp-content\/uploads\/2025\/04\/637f062e4caf383bfc0d53b1_3-1024x987.jpg\" alt=\"\" class=\"wp-image-28\" title=\"\" srcset=\"https:\/\/kidswithspg3a.com\/wp-content\/uploads\/2025\/04\/637f062e4caf383bfc0d53b1_3-1024x987.jpg 1024w, https:\/\/kidswithspg3a.com\/wp-content\/uploads\/2025\/04\/637f062e4caf383bfc0d53b1_3-300x289.jpg 300w, https:\/\/kidswithspg3a.com\/wp-content\/uploads\/2025\/04\/637f062e4caf383bfc0d53b1_3-768x740.jpg 768w, https:\/\/kidswithspg3a.com\/wp-content\/uploads\/2025\/04\/637f062e4caf383bfc0d53b1_3-1536x1480.jpg 1536w, https:\/\/kidswithspg3a.com\/wp-content\/uploads\/2025\/04\/637f062e4caf383bfc0d53b1_3-2048x1973.jpg 2048w\" sizes=\"auto, (max-width: 1024px) 100vw, 1024px\" \/><\/figure>\n<\/div>\n<\/div>\n\n\n\n<div class=\"wp-block-columns is-layout-flex wp-container-core-columns-is-layout-55a13620 wp-block-columns-is-layout-flex\" style=\"margin-top:-200px;margin-bottom:-100px\">\n<div class=\"wp-block-column is-layout-flow wp-block-column-is-layout-flow\" style=\"flex-basis:10%\"><\/div>\n\n\n\n<div class=\"wp-block-column zindex has-palette-color-9-background-color has-background is-layout-flow wp-block-column-is-layout-flow\" style=\"padding-top:var(--wp--preset--spacing--60);padding-right:var(--wp--preset--spacing--60);padding-bottom:var(--wp--preset--spacing--60);padding-left:var(--wp--preset--spacing--60);box-shadow:var(--wp--preset--shadow--crisp);flex-basis:80%\" id=\"about\">\n<h2 class=\"wp-block-heading has-text-align-center\" id=\"biz-kimiz\">B\u0130Z K\u0130M\u0130Z?<\/h2>\n\n\n\n<p class=\"has-text-align-center\">SPG3A&#8217;l\u0131 \u00c7ocuklar, spastik parapleji tip 3A&#8217;l\u0131 k\u00fc\u00e7\u00fck \u00e7ocuklar\u0131 olan iki aile taraf\u0131ndan kurulmu\u015ftur.<\/p>\n\n\n\n<p class=\"has-text-align-center\">Emily&#8217;ye 2020 y\u0131l\u0131nda, 18 ayl\u0131kken SPG3A te\u015fhisi konuldu.<br>Carter&#8217;a, alt\u0131 ayl\u0131kken geli\u015fimsel motor d\u00f6n\u00fcm noktalar\u0131n\u0131 ka\u00e7\u0131rd\u0131ktan k\u0131sa s\u00fcre sonra serebral palsi te\u015fhisi konuldu. Be\u015f ya\u015f\u0131nda, Boston \u00c7ocuk Hastanesi&#8217;nde genetik testlerden sonra te\u015fhisi SPG3A olarak revize edildi.<br>Hem Carter hem de Emily&#8217;nin varyantlar\u0131 \u201cde novo\u201ddur, ebeveynlerinden miras al\u0131nmam\u0131\u015ft\u0131r ve semptomlar\u0131 karma\u015f\u0131kt\u0131r, sadece bacaklar\u0131n\u0131 de\u011fil ayn\u0131 zamanda \u00fcst uzuvlar\u0131n\u0131 ve a\u011f\u0131z kaslar\u0131n\u0131 da etkiler.<\/p>\n\n\n\n<p class=\"has-text-align-center\">Carter&#8217;\u0131n b\u00fcy\u00fckbabas\u0131, <a href=\"https:\/\/en.wikipedia.org\/wiki\/Joseph_Avellone\" target=\"_blank\" rel=\"noreferrer noopener\">Joseph Avellone, MD<\/a>, sa\u011fl\u0131k ve biyot\u0131p end\u00fcstrisinde geni\u015f deneyime sahiptir.<br>\u00c7ocuklarda nadir n\u00f6rolojik hastal\u0131klar\u0131n nedenini ve tedavisini ara\u015ft\u0131rmak i\u00e7in Carter N\u00f6rolojik Ara\u015ft\u0131rma Vakf\u0131&#8217;n\u0131 kurdu.<br><a href=\"https:\/\/www.massgeneral.org\/doctors\/21073\/craig-blackstone\" target=\"_blank\" rel=\"noreferrer noopener\">Dr. Craig Blackstone<\/a>, Massachusetts Genel Hastanesi N\u00f6roloji B\u00f6l\u00fcm\u00fc Hareket Bozukluklar\u0131 \u015eefi, Vakf\u0131n K\u0131demli Bilimsel Dan\u0131\u015fman\u0131d\u0131r ve Kal\u0131tsal Spastik Paraplejilere uzun vadeli bir odaklanma ile \u00f6nde gelen bir ara\u015ft\u0131rma bilimcisidir.<\/p>\n\n\n\n<p class=\"has-text-align-center\">\u0130ki aile, ara\u015ft\u0131rmac\u0131larla yak\u0131n bir \u015fekilde \u00e7al\u0131\u015f\u0131r ve ara\u015ft\u0131rma g\u00fcncellemelerini di\u011fer ailelerle <a href=\"https:\/\/kids-with-spg3a.mn.co\/\" target=\"_blank\" rel=\"noreferrer noopener\">SPG3A&#8217;l\u0131 \u00c7ocuklar Topluluk Platformu<\/a>&#8216;nda payla\u015f\u0131r.<\/p>\n<\/div>\n\n\n\n<div class=\"wp-block-column is-layout-flow wp-block-column-is-layout-flow\" style=\"flex-basis:10%\"><\/div>\n<\/div>\n\n\n\n<div class=\"wp-block-cover alignfull has-parallax\" style=\"margin-top:0;margin-bottom:0;padding-top:var(--wp--preset--spacing--80);padding-bottom:var(--wp--preset--spacing--80)\"><div class=\"wp-block-cover__image-background wp-image-25 size-large has-parallax\" style=\"background-position:50% 50%;background-image:url(https:\/\/kidswithspg3a.com\/wp-content\/uploads\/2025\/04\/635b6515ae143150e06c4365_Rectangle-10-min-1024x693.png)\"><\/div><span aria-hidden=\"true\" class=\"wp-block-cover__background has-background-dim-20 has-background-dim\" style=\"background-color:#0d527d\"><\/span><div class=\"wp-block-cover__inner-container is-layout-constrained wp-block-cover-is-layout-constrained\">\n<div class=\"wp-block-columns is-layout-flex wp-container-core-columns-is-layout-4c1dd492 wp-block-columns-is-layout-flex\" style=\"margin-top:var(--wp--preset--spacing--80);margin-bottom:var(--wp--preset--spacing--80)\">\n<div class=\"wp-block-column is-layout-flow wp-block-column-is-layout-flow\" style=\"flex-basis:15%\"><\/div>\n\n\n\n<div class=\"wp-block-column has-palette-color-8-color has-text-color has-link-color wp-elements-cec7b10385c49da98483d34ccbde0f12 is-layout-flow wp-block-column-is-layout-flow\" style=\"padding-top:var(--wp--preset--spacing--60);padding-right:var(--wp--preset--spacing--60);padding-bottom:var(--wp--preset--spacing--60);padding-left:var(--wp--preset--spacing--60)\">\n<div class=\"wp-block-group is-content-justification-left is-layout-constrained wp-container-core-group-is-layout-12dd3699 wp-block-group-is-layout-constrained\">\n<h2 class=\"wp-block-heading has-text-align-center\" id=\"spg3a-nedir\">SPG3A NED\u0130R?<\/h2>\n<\/div>\n\n\n\n<p class=\"has-text-align-center\">SPG3A, \u00e7ocuklarda en yayg\u0131n HSP, yani Kal\u0131tsal Spastik Parapleji t\u00fcr\u00fcd\u00fcr.<br>HSP&#8217;nin birincil semptomu, s\u0131k\u0131 (spastik) ve zay\u0131f bacak kaslar\u0131 nedeniyle y\u00fcr\u00fcme zorlu\u011fudur.<br>Baz\u0131 hastalar, v\u00fccudun di\u011fer b\u00f6lgelerini etkileyen daha karma\u015f\u0131k semptomlar g\u00f6sterir.<br>Semptomlar\u0131n \u015fiddeti genellikle zamanla k\u00f6t\u00fcle\u015fir.<\/p>\n\n\n\n<div class=\"wp-block-buttons is-content-justification-center is-layout-flex wp-container-core-buttons-is-layout-a89b3969 wp-block-buttons-is-layout-flex\">\n<div class=\"wp-block-button is-style-fill\"><a class=\"wp-block-button__link has-text-align-center wp-element-button\" href=\"https:\/\/kidswithspg3a.com\/about-spg3a\/\">Daha Fazla Bilgi Edin<\/a><\/div>\n<\/div>\n<\/div>\n\n\n\n<div class=\"wp-block-column is-layout-flow wp-block-column-is-layout-flow\" style=\"flex-basis:15%\"><\/div>\n<\/div>\n<\/div><\/div>\n\n\n\n<div class=\"wp-block-cover alignfull\" style=\"margin-top:0;margin-bottom:0\"><span aria-hidden=\"true\" class=\"wp-block-cover__background has-palette-color-10-background-color has-background-dim-100 has-background-dim\"><\/span><div class=\"wp-block-cover__inner-container is-layout-constrained wp-block-cover-is-layout-constrained\">\n<div class=\"wp-block-columns is-layout-flex wp-container-core-columns-is-layout-28f84493 wp-block-columns-is-layout-flex\">\n<div class=\"wp-block-column has-palette-color-8-color has-text-color has-link-color wp-elements-13280807d8ce5029708acc68c5b3ed0f is-layout-flow wp-block-column-is-layout-flow\" style=\"padding-top:var(--wp--preset--spacing--60);padding-right:var(--wp--preset--spacing--60);padding-bottom:var(--wp--preset--spacing--60);padding-left:var(--wp--preset--spacing--60)\">\n<h2 class=\"wp-block-heading has-palette-color-8-color has-text-color has-link-color wp-elements-dbc615d7d235bebf1892cd8604230e7c\" id=\"arastirma\">ARA\u015eTIRMA<\/h2>\n\n\n\n<p>Carter Vakf\u0131, ilk y\u0131l\u0131nda SPG3A i\u00e7in bir ila\u00e7 ke\u015ffi ve gen terapisi ara\u015ft\u0131rma program\u0131 kurdu. Daha fazla bilgi edinmek i\u00e7in a\u015fa\u011f\u0131daki ba\u011flant\u0131ya t\u0131klay\u0131n.<\/p>\n\n\n\n<p>Herkesi, gelecekteki klinik denemelerin ba\u015flang\u0131\u00e7 noktas\u0131 olacak <a href=\"https:\/\/clinicaltrials.gov\/ct2\/show\/NCT04712812?cond=NCT04712812&amp;draw=2&amp;rank=1\" target=\"_blank\" rel=\"noreferrer noopener\"><strong>Erken Ba\u015flang\u0131\u00e7l\u0131 Kal\u0131tsal Spastik Parapleji (HSP) Do\u011fal Tarih \u00c7al\u0131\u015fmas\u0131<\/strong><\/a>&#8216;na kat\u0131lmaya \u00e7a\u011f\u0131r\u0131yoruz. Kat\u0131lmak i\u00e7in l\u00fctfen Ara\u015ft\u0131rma Koordinat\u00f6r\u00fc Amy Tam&#8217;a do\u011frudan amy.tam@childrens.harvard.edu adresinden e-posta g\u00f6nderin.<\/p>\n\n\n\n<div class=\"wp-block-group has-border-color has-palette-color-4-border-color is-layout-constrained wp-container-core-group-is-layout-f611be13 wp-block-group-is-layout-constrained\" style=\"border-width:1px;padding-top:var(--wp--preset--spacing--50);padding-right:var(--wp--preset--spacing--50);padding-bottom:var(--wp--preset--spacing--50);padding-left:var(--wp--preset--spacing--50)\">\n<p class=\"has-text-align-center\">Carter Vakf\u0131&#8217;n\u0131n SPG3A i\u00e7in bir tedavi ara\u015ft\u0131rma program\u0131 ve HSP Do\u011fal Tarih \u00c7al\u0131\u015fmas\u0131 hakk\u0131nda daha fazla bilgi edinmek i\u00e7in:<\/p>\n\n\n\n<div class=\"wp-block-buttons is-content-justification-center is-layout-flex wp-container-core-buttons-is-layout-a89b3969 wp-block-buttons-is-layout-flex\">\n<div class=\"wp-block-button\"><a class=\"wp-block-button__link wp-element-button\" href=\"https:\/\/www.kidswithspg3a.com\/research\" target=\"_blank\" rel=\"noreferrer noopener\">Buraya T\u0131klay\u0131n<\/a><\/div>\n<\/div>\n<\/div>\n<\/div>\n\n\n\n<div class=\"wp-block-column is-vertically-aligned-center is-layout-flow wp-block-column-is-layout-flow\">\n<figure class=\"wp-block-image size-large\"><img loading=\"lazy\" decoding=\"async\" width=\"1024\" height=\"780\" src=\"https:\/\/kidswithspg3a.com\/wp-content\/uploads\/2025\/04\/635b6519a5c3b6febb6042b6_Rectangle-90-min-1024x780.png\" alt=\"\" class=\"wp-image-24\" title=\"\" srcset=\"https:\/\/kidswithspg3a.com\/wp-content\/uploads\/2025\/04\/635b6519a5c3b6febb6042b6_Rectangle-90-min-1024x780.png 1024w, https:\/\/kidswithspg3a.com\/wp-content\/uploads\/2025\/04\/635b6519a5c3b6febb6042b6_Rectangle-90-min-300x229.png 300w, https:\/\/kidswithspg3a.com\/wp-content\/uploads\/2025\/04\/635b6519a5c3b6febb6042b6_Rectangle-90-min-768x585.png 768w, https:\/\/kidswithspg3a.com\/wp-content\/uploads\/2025\/04\/635b6519a5c3b6febb6042b6_Rectangle-90-min.png 1148w\" sizes=\"auto, (max-width: 1024px) 100vw, 1024px\" \/><\/figure>\n<\/div>\n<\/div>\n<\/div><\/div>\n\n\n\n<div class=\"wp-block-group alignfull has-palette-color-8-color has-palette-color-3-background-color has-text-color has-background has-link-color wp-elements-e75c7adca165207a44427dbdc2ae908f is-layout-constrained wp-block-group-is-layout-constrained\" style=\"padding-top:var(--wp--preset--spacing--80);padding-bottom:var(--wp--preset--spacing--80)\">\n<h1 class=\"wp-block-heading has-text-align-center\" id=\"bize-ulasin\">B\u0130ZE ULA\u015eIN<\/h1>\n\n\n\n<p class=\"has-text-align-center\">L\u00fctfen <a href=\"https:\/\/kids-with-spg3a.mn.co\/\" target=\"_blank\" rel=\"noreferrer noopener\">topluluk platformumuza<\/a> kat\u0131l\u0131n, b\u00f6ylece di\u011fer SPG3A&#8217;l\u0131 ailelerle ileti\u015fimde kalabilir ve en son ara\u015ft\u0131rmalar hakk\u0131nda g\u00fcncel bilgilere sahip olabilirsiniz.<\/p>\n\n\n\n<div class=\"wp-block-buttons is-content-justification-center is-layout-flex wp-container-core-buttons-is-layout-a89b3969 wp-block-buttons-is-layout-flex\">\n<div class=\"wp-block-button\"><a class=\"wp-block-button__link has-text-align-center wp-element-button\" href=\"https:\/\/kids-with-spg3a.mn.co\/\" target=\"_blank\" rel=\"noreferrer noopener\">Toplulu\u011fumuza Kat\u0131l<\/a><\/div>\n<\/div>\n\n\n\n<p class=\"has-text-align-center\">Herhangi bir sorunuz veya \u00f6neriniz varsa, l\u00fctfen bize e-posta g\u00f6nderin:<br><a href=\"mailto:info@kidswithspg3a.com\">info@kidswithspg3a.com<\/a><\/p>\n<\/div>","protected":false},"excerpt":{"rendered":"<p>B\u0130Z K\u0130M\u0130Z? SPG3A&#8217;l\u0131 \u00c7ocuklar, spastik parapleji tip 3A&#8217;l\u0131 k\u00fc\u00e7\u00fck \u00e7ocuklar\u0131 olan iki aile taraf\u0131ndan kurulmu\u015ftur. Emily&#8217;ye 2020 y\u0131l\u0131nda, 18 ayl\u0131kken SPG3A te\u015fhisi konuldu.Carter&#8217;a, alt\u0131 ayl\u0131kken geli\u015fimsel motor d\u00f6n\u00fcm noktalar\u0131n\u0131 ka\u00e7\u0131rd\u0131ktan k\u0131sa s\u00fcre sonra serebral palsi te\u015fhisi konuldu. Be\u015f ya\u015f\u0131nda, Boston \u00c7ocuk Hastanesi&#8217;nde genetik testlerden sonra te\u015fhisi SPG3A olarak revize edildi.Hem Carter hem de Emily&#8217;nin varyantlar\u0131 [&hellip;]<\/p>\n","protected":false},"author":1,"featured_media":0,"parent":0,"menu_order":0,"comment_status":"closed","ping_status":"closed","template":"","meta":{"ghostkit_customizer_options":"","ghostkit_custom_css":"","ghostkit_custom_js_head":"","ghostkit_custom_js_foot":"","ghostkit_typography":"","footnotes":""},"class_list":["post-6","page","type-page","status-publish","hentry"],"blocksy_meta":{"has_hero_section":"disabled","styles_descriptor":{"styles":{"desktop":"","tablet":"","mobile":""},"google_fonts":[],"version":6},"content_style_source":"inherit","vertical_spacing_source":"custom","content_area_spacing":"none","background":{"background_type":"color","background_pattern":"type-1","background_image":{"attachment_id":null,"x":0,"y":0},"gradient":"linear-gradient(135deg,rgba(6,147,227,1) 0%,rgb(155,81,224) 100%)","background_repeat":"repeat","background_size":"auto","background_attachment":"scroll","patternColor":{"default":{"color":"#e5e7ea"}},"overlayColor":{"default":{"color":"CT_CSS_SKIP_RULE"}},"backgroundColor":{"default":{"color":"CT_CSS_SKIP_RULE"}}}},"_links":{"self":[{"href":"https:\/\/kidswithspg3a.com\/tr\/wp-json\/wp\/v2\/pages\/6","targetHints":{"allow":["GET"]}}],"collection":[{"href":"https:\/\/kidswithspg3a.com\/tr\/wp-json\/wp\/v2\/pages"}],"about":[{"href":"https:\/\/kidswithspg3a.com\/tr\/wp-json\/wp\/v2\/types\/page"}],"author":[{"embeddable":true,"href":"https:\/\/kidswithspg3a.com\/tr\/wp-json\/wp\/v2\/users\/1"}],"replies":[{"embeddable":true,"href":"https:\/\/kidswithspg3a.com\/tr\/wp-json\/wp\/v2\/comments?post=6"}],"version-history":[{"count":90,"href":"https:\/\/kidswithspg3a.com\/tr\/wp-json\/wp\/v2\/pages\/6\/revisions"}],"predecessor-version":[{"id":329,"href":"https:\/\/kidswithspg3a.com\/tr\/wp-json\/wp\/v2\/pages\/6\/revisions\/329"}],"wp:attachment":[{"href":"https:\/\/kidswithspg3a.com\/tr\/wp-json\/wp\/v2\/media?parent=6"}],"curies":[{"name":"wp","href":"https:\/\/api.w.org\/{rel}","templated":true}]}}